{"id":47,"date":"2021-09-17T17:49:11","date_gmt":"2021-09-17T22:49:11","guid":{"rendered":"https:\/\/www.acts.com.mx\/?page_id=47"},"modified":"2021-09-22T18:12:10","modified_gmt":"2021-09-22T23:12:10","slug":"quienes-somos","status":"publish","type":"page","link":"https:\/\/www.acts.com.mx\/index.php\/quienes-somos\/","title":{"rendered":"\u00bfQuienes somos?"},"content":{"rendered":"\t\t<div data-elementor-type=\"wp-page\" data-elementor-id=\"47\" class=\"elementor elementor-47\">\n\t\t\t\t\t\t\t\t\t<section class=\"elementor-section elementor-top-section elementor-element elementor-element-9aaa052 elementor-section-boxed elementor-section-height-default elementor-section-height-default\" data-id=\"9aaa052\" data-element_type=\"section\">\n\t\t\t\t\t\t<div class=\"elementor-container elementor-column-gap-default\">\n\t\t\t\t\t<div class=\"elementor-column elementor-col-100 elementor-top-column elementor-element elementor-element-50e1d58\" data-id=\"50e1d58\" data-element_type=\"column\">\n\t\t\t<div class=\"elementor-widget-wrap elementor-element-populated\">\n\t\t\t\t\t\t\t\t<div class=\"elementor-element elementor-element-04a4bf9 elementor-widget elementor-widget-text-editor\" data-id=\"04a4bf9\" data-element_type=\"widget\" data-widget_type=\"text-editor.default\">\n\t\t\t\t<div class=\"elementor-widget-container\">\n\t\t\t<style>\/*! elementor - v3.10.0 - 09-01-2023 *\/\n.elementor-widget-text-editor.elementor-drop-cap-view-stacked .elementor-drop-cap{background-color:#818a91;color:#fff}.elementor-widget-text-editor.elementor-drop-cap-view-framed .elementor-drop-cap{color:#818a91;border:3px solid;background-color:transparent}.elementor-widget-text-editor:not(.elementor-drop-cap-view-default) .elementor-drop-cap{margin-top:8px}.elementor-widget-text-editor:not(.elementor-drop-cap-view-default) .elementor-drop-cap-letter{width:1em;height:1em}.elementor-widget-text-editor .elementor-drop-cap{float:left;text-align:center;line-height:1;font-size:50px}.elementor-widget-text-editor .elementor-drop-cap-letter{display:inline-block}<\/style>\t\t\t\tSomos un grupo de profesionales que iniciamos ofreciendo servicios de eventos, banquetes y espect\u00e1culos pero el amor y pasi\u00f3n por nuestros clientes a lo largo de los a\u00f1os nos ha hecho que nos diversifiquemos y ofrezcamos un servicio integral donde en un solo contacto tengan todos los servicios que puedan requerir nuestros clientes, por lo cual nos hemos convertido en un aliado comercial que ofrece planeaci\u00f3n, operaci\u00f3n, log\u00edstica y creatividad para que vivan experiencias y no solo un evento, viaje o tour m\u00e1s. Sabemos que ning\u00fan proyecto es igual a otro y por eso nos adaptamos, esto nos apasiona y nos sigue inspirando para llevar a cabo viajes, tours, experiencias y eventos extraordinarios que satisfagan o superen las expectativas de nuestros clientes.\t\t\t\t\t\t<\/div>\n\t\t\t\t<\/div>\n\t\t\t\t\t<\/div>\n\t\t<\/div>\n\t\t\t\t\t\t\t<\/div>\n\t\t<\/section>\n\t\t\t\t<section class=\"elementor-section elementor-top-section elementor-element elementor-element-8d01e3b elementor-section-boxed elementor-section-height-default elementor-section-height-default\" data-id=\"8d01e3b\" data-element_type=\"section\">\n\t\t\t\t\t\t<div class=\"elementor-container elementor-column-gap-default\">\n\t\t\t\t\t<div class=\"elementor-column elementor-col-25 elementor-top-column elementor-element elementor-element-ce51ba8\" data-id=\"ce51ba8\" data-element_type=\"column\">\n\t\t\t<div class=\"elementor-widget-wrap\">\n\t\t\t\t\t\t\t\t\t<\/div>\n\t\t<\/div>\n\t\t\t\t<div class=\"elementor-column elementor-col-50 elementor-top-column elementor-element elementor-element-8dc0a79\" data-id=\"8dc0a79\" data-element_type=\"column\">\n\t\t\t<div class=\"elementor-widget-wrap elementor-element-populated\">\n\t\t\t\t\t\t\t\t\t<\/div>\n\t\t<\/div>\n\t\t\t\t<div class=\"elementor-column elementor-col-25 elementor-top-column elementor-element elementor-element-d7486b2\" data-id=\"d7486b2\" data-element_type=\"column\">\n\t\t\t<div class=\"elementor-widget-wrap\">\n\t\t\t\t\t\t\t\t\t<\/div>\n\t\t<\/div>\n\t\t\t\t\t\t\t<\/div>\n\t\t<\/section>\n\t\t\t\t\t\t\t<\/div>\n\t\t","protected":false},"excerpt":{"rendered":"<p>Somos un grupo de profesionales que iniciamos ofreciendo servicios de eventos, banquetes y espect\u00e1culos pero el amor y pasi\u00f3n por nuestros clientes a lo largo de los a\u00f1os nos ha hecho que nos diversifiquemos y ofrezcamos un servicio integral donde en un solo contacto tengan &hellip; <\/p>\n","protected":false},"author":1,"featured_media":0,"parent":0,"menu_order":0,"comment_status":"closed","ping_status":"closed","template":"","meta":{"footnotes":""},"class_list":["post-47","page","type-page","status-publish","hentry"],"_links":{"self":[{"href":"https:\/\/www.acts.com.mx\/index.php\/wp-json\/wp\/v2\/pages\/47","targetHints":{"allow":["GET"]}}],"collection":[{"href":"https:\/\/www.acts.com.mx\/index.php\/wp-json\/wp\/v2\/pages"}],"about":[{"href":"https:\/\/www.acts.com.mx\/index.php\/wp-json\/wp\/v2\/types\/page"}],"author":[{"embeddable":true,"href":"https:\/\/www.acts.com.mx\/index.php\/wp-json\/wp\/v2\/users\/1"}],"replies":[{"embeddable":true,"href":"https:\/\/www.acts.com.mx\/index.php\/wp-json\/wp\/v2\/comments?post=47"}],"version-history":[{"count":10,"href":"https:\/\/www.acts.com.mx\/index.php\/wp-json\/wp\/v2\/pages\/47\/revisions"}],"predecessor-version":[{"id":58,"href":"https:\/\/www.acts.com.mx\/index.php\/wp-json\/wp\/v2\/pages\/47\/revisions\/58"}],"wp:attachment":[{"href":"https:\/\/www.acts.com.mx\/index.php\/wp-json\/wp\/v2\/media?parent=47"}],"curies":[{"name":"wp","href":"https:\/\/api.w.org\/{rel}","templated":true}]}}