{"id":60,"date":"2021-09-17T17:59:32","date_gmt":"2021-09-17T22:59:32","guid":{"rendered":"https:\/\/www.acts.com.mx\/?page_id=60"},"modified":"2021-09-22T17:38:48","modified_gmt":"2021-09-22T22:38:48","slug":"banquetes-eventos-y-espectaculos","status":"publish","type":"page","link":"https:\/\/www.acts.com.mx\/index.php\/banquetes-eventos-y-espectaculos\/","title":{"rendered":"BANQUETES, EVENTOS Y ESPECTACULOS"},"content":{"rendered":"\t\t<div data-elementor-type=\"wp-page\" data-elementor-id=\"60\" class=\"elementor elementor-60\">\n\t\t\t\t\t\t\t\t\t<section class=\"elementor-section elementor-top-section elementor-element elementor-element-3b0bdb6 elementor-section-boxed elementor-section-height-default elementor-section-height-default\" data-id=\"3b0bdb6\" data-element_type=\"section\">\n\t\t\t\t\t\t<div class=\"elementor-container elementor-column-gap-default\">\n\t\t\t\t\t<div class=\"elementor-column elementor-col-100 elementor-top-column elementor-element elementor-element-fc50ce6\" data-id=\"fc50ce6\" data-element_type=\"column\">\n\t\t\t<div class=\"elementor-widget-wrap elementor-element-populated\">\n\t\t\t\t\t\t\t\t<div class=\"elementor-element elementor-element-86c6ba8 elementor-widget elementor-widget-text-editor\" data-id=\"86c6ba8\" data-element_type=\"widget\" data-widget_type=\"text-editor.default\">\n\t\t\t\t<div class=\"elementor-widget-container\">\n\t\t\t<style>\/*! elementor - v3.10.0 - 09-01-2023 *\/\n.elementor-widget-text-editor.elementor-drop-cap-view-stacked .elementor-drop-cap{background-color:#818a91;color:#fff}.elementor-widget-text-editor.elementor-drop-cap-view-framed .elementor-drop-cap{color:#818a91;border:3px solid;background-color:transparent}.elementor-widget-text-editor:not(.elementor-drop-cap-view-default) .elementor-drop-cap{margin-top:8px}.elementor-widget-text-editor:not(.elementor-drop-cap-view-default) .elementor-drop-cap-letter{width:1em;height:1em}.elementor-widget-text-editor .elementor-drop-cap{float:left;text-align:center;line-height:1;font-size:50px}.elementor-widget-text-editor .elementor-drop-cap-letter{display:inline-block}<\/style>\t\t\t\tNuestra prioridad es proporcionar el mejor servicio y calidad en cada evento social, empresarial o espect&aacute;culo, as&iacute; como cada detalle, integramos todos los elementos necesarios para cumplir todas sus expectativas, no tendr&aacute; que preocuparse por nada m&aacute;s que disfrutar con sus invitados ese d&iacute;a tan especial. <ul><li>&bull; Catering a domicilio desde un box lunch, taquizas, mesas de dulces, hasta un banquete. <\/il><li>&bull; Renta y Alianzas con varios recintos<\/li> <li>&bull; Renta de Equipos, Carpas, Mesas, Inflables, etc.<\/li> <li>&bull; Contrataci&oacute;n de artistas, imitadores, infantiles, shows completos.<\/li>\n<\/ul>\t\t\t\t\t\t<\/div>\n\t\t\t\t<\/div>\n\t\t\t\t\t<\/div>\n\t\t<\/div>\n\t\t\t\t\t\t\t<\/div>\n\t\t<\/section>\n\t\t\t\t\t\t\t<\/div>\n\t\t","protected":false},"excerpt":{"rendered":"<p>Nuestra prioridad es proporcionar el mejor servicio y calidad en cada evento social, empresarial o espect\u00e1culo, as\u00ed como cada detalle, integramos todos los elementos necesarios para cumplir todas sus expectativas, no tendr\u00e1 que preocuparse por nada m\u00e1s que disfrutar con sus invitados ese d\u00eda tan &hellip; <\/p>\n","protected":false},"author":1,"featured_media":0,"parent":0,"menu_order":0,"comment_status":"closed","ping_status":"closed","template":"","meta":{"footnotes":""},"class_list":["post-60","page","type-page","status-publish","hentry"],"_links":{"self":[{"href":"https:\/\/www.acts.com.mx\/index.php\/wp-json\/wp\/v2\/pages\/60","targetHints":{"allow":["GET"]}}],"collection":[{"href":"https:\/\/www.acts.com.mx\/index.php\/wp-json\/wp\/v2\/pages"}],"about":[{"href":"https:\/\/www.acts.com.mx\/index.php\/wp-json\/wp\/v2\/types\/page"}],"author":[{"embeddable":true,"href":"https:\/\/www.acts.com.mx\/index.php\/wp-json\/wp\/v2\/users\/1"}],"replies":[{"embeddable":true,"href":"https:\/\/www.acts.com.mx\/index.php\/wp-json\/wp\/v2\/comments?post=60"}],"version-history":[{"count":8,"href":"https:\/\/www.acts.com.mx\/index.php\/wp-json\/wp\/v2\/pages\/60\/revisions"}],"predecessor-version":[{"id":81,"href":"https:\/\/www.acts.com.mx\/index.php\/wp-json\/wp\/v2\/pages\/60\/revisions\/81"}],"wp:attachment":[{"href":"https:\/\/www.acts.com.mx\/index.php\/wp-json\/wp\/v2\/media?parent=60"}],"curies":[{"name":"wp","href":"https:\/\/api.w.org\/{rel}","templated":true}]}}